{"id":1211,"date":"2025-01-24T08:34:20","date_gmt":"2025-01-24T08:34:20","guid":{"rendered":"https:\/\/wearetrickle.com\/job-openings\/"},"modified":"2025-09-26T10:28:18","modified_gmt":"2025-09-26T10:28:18","slug":"job-openings","status":"publish","type":"page","link":"https:\/\/wearetrickle.com\/no\/job-openings\/","title":{"rendered":"Careers"},"content":{"rendered":"<div\n    data-block=\"basic-heading-block\"\n      data-trigger-color-theme-change=\"white\"\n      class=\"BasicHeadingBlock acf-basic-heading-block\"\n>\n\n<div class=\"BasicHeadingBlock-Content\">\n    <span class=\"BasicHeadingBlock-Heading\">\n        Vil du jobbe et sted der vi pr\u00f8ver \u00e5 f\u00e5 hver dr\u00e5pe til \u00e5 telle \u2013 b\u00e5de p\u00e5 og utenfor jobb? <strong>Da er vi byr\u00e5et for deg.<\/strong> <!-- notionvc: 67ea2117-d0cb-4e09-8d03-14a055913d56 -->\n    <\/span>\n    <span class=\"BasicHeadingBlock-Cta inline-flex\">\n            <\/span>\n<\/div>\n\n<\/div>\n\n\n<div\n    data-block=\"image-slideshow-block\"\n    data-direction=\"left\"\n  class=\"ImageSlideshowBlock SimpleImageSlideshow py-8 acf-image-slideshow-block\"\n  style=\"--item-count: 7\"\n>\n<div class=\"ImageSlideshowBlock-Items\" data-row   >\n                        <article class=\"ImageSlideshowBlock-Item\" data-row-item style=\"--aspect-ratio:16\/9;\">\n        <picture class=\"w-full ImageSlideshowBlock-Image\"><img decoding=\"async\" src=\"https:\/\/images.ohmyhosting.se\/b3zNWiROVqldymYkBJp3SHTK29M=\/586x330\/smart\/filters:quality(85)\/https%3A%2F%2Fwearetrickle.com%2Fwp-content%2Fuploads%2F2025%2F01%2Fslide-1-1.jpg\" srcset=\"https:\/\/images.ohmyhosting.se\/b3zNWiROVqldymYkBJp3SHTK29M=\/586x330\/smart\/filters:quality(85)\/https%3A%2F%2Fwearetrickle.com%2Fwp-content%2Fuploads%2F2025%2F01%2Fslide-1-1.jpg 1x, https:\/\/images.ohmyhosting.se\/KjFIAb7pg1Jdrkh7005CxM7F8Xs=\/1172x660\/smart\/filters:quality(85)\/https%3A%2F%2Fwearetrickle.com%2Fwp-content%2Fuploads%2F2025%2F01%2Fslide-1-1.jpg 2x\" alt=\"\" class=\"w-full\" height=\"330\" width=\"586\" sizes=\"(max-width: 768px) calc(330px * 1.7777777777778),\n                (max-width: 1024px) calc(330px * 1.7777777777778),\n                calc(330px * 1.7777777777778)\" loading=\"lazy\" fetchpriority=\"low\" \/><\/picture>\n        <\/article>\n                        <article class=\"ImageSlideshowBlock-Item\" data-row-item style=\"--aspect-ratio:1\/1;\">\n        <picture class=\"w-full ImageSlideshowBlock-Image\"><img decoding=\"async\" src=\"https:\/\/images.ohmyhosting.se\/8LFNoQ8ILUkAtd8LrSEzeZ9jmDQ=\/330x330\/smart\/filters:quality(85)\/https%3A%2F%2Fwearetrickle.com%2Fwp-content%2Fuploads%2F2025%2F01%2Fslide-2.jpg\" srcset=\"https:\/\/images.ohmyhosting.se\/8LFNoQ8ILUkAtd8LrSEzeZ9jmDQ=\/330x330\/smart\/filters:quality(85)\/https%3A%2F%2Fwearetrickle.com%2Fwp-content%2Fuploads%2F2025%2F01%2Fslide-2.jpg 1x, https:\/\/images.ohmyhosting.se\/4GdmgUq1IeV2BY-byEytjKXgflA=\/660x660\/smart\/filters:quality(85)\/https%3A%2F%2Fwearetrickle.com%2Fwp-content%2Fuploads%2F2025%2F01%2Fslide-2.jpg 2x\" alt=\"\" class=\"w-full\" height=\"330\" width=\"330\" sizes=\"(max-width: 768px) calc(330px * 1),\n                (max-width: 1024px) calc(330px * 1),\n                calc(330px * 1)\" loading=\"lazy\" fetchpriority=\"low\" \/><\/picture>\n        <\/article>\n                        <article class=\"ImageSlideshowBlock-Item\" data-row-item style=\"--aspect-ratio:9\/16;\">\n        <picture class=\"w-full ImageSlideshowBlock-Image\"><img decoding=\"async\" src=\"https:\/\/images.ohmyhosting.se\/lXCaDY-Aiheo-w1-ow3U82dIP3Y=\/185x330\/smart\/filters:quality(85)\/https%3A%2F%2Fwearetrickle.com%2Fwp-content%2Fuploads%2F2025%2F01%2Fslide-3.jpg\" srcset=\"https:\/\/images.ohmyhosting.se\/lXCaDY-Aiheo-w1-ow3U82dIP3Y=\/185x330\/smart\/filters:quality(85)\/https%3A%2F%2Fwearetrickle.com%2Fwp-content%2Fuploads%2F2025%2F01%2Fslide-3.jpg 1x, https:\/\/images.ohmyhosting.se\/Y0INIc90lw_G6-aKFPu3fsIPBFc=\/370x660\/smart\/filters:quality(85)\/https%3A%2F%2Fwearetrickle.com%2Fwp-content%2Fuploads%2F2025%2F01%2Fslide-3.jpg 2x\" alt=\"\" class=\"w-full\" height=\"330\" width=\"185\" sizes=\"(max-width: 768px) calc(330px * 0.5625),\n                (max-width: 1024px) calc(330px * 0.5625),\n                calc(330px * 0.5625)\" loading=\"lazy\" fetchpriority=\"low\" \/><\/picture>\n        <\/article>\n                        <article class=\"ImageSlideshowBlock-Item\" data-row-item style=\"--aspect-ratio:16\/9;\">\n        <picture class=\"w-full ImageSlideshowBlock-Image\"><img decoding=\"async\" src=\"https:\/\/images.ohmyhosting.se\/jJgRTWCFgpTIoyRyWw55X_4PolI=\/586x330\/smart\/filters:quality(85)\/https%3A%2F%2Fwearetrickle.com%2Fwp-content%2Fuploads%2F2025%2F01%2Fslide-4.jpg\" srcset=\"https:\/\/images.ohmyhosting.se\/jJgRTWCFgpTIoyRyWw55X_4PolI=\/586x330\/smart\/filters:quality(85)\/https%3A%2F%2Fwearetrickle.com%2Fwp-content%2Fuploads%2F2025%2F01%2Fslide-4.jpg 1x, https:\/\/images.ohmyhosting.se\/WRs42YW1cVo3Fc_9wsX4K0peFrc=\/1172x660\/smart\/filters:quality(85)\/https%3A%2F%2Fwearetrickle.com%2Fwp-content%2Fuploads%2F2025%2F01%2Fslide-4.jpg 2x\" alt=\"\" class=\"w-full\" height=\"330\" width=\"586\" sizes=\"(max-width: 768px) calc(330px * 1.7777777777778),\n                (max-width: 1024px) calc(330px * 1.7777777777778),\n                calc(330px * 1.7777777777778)\" loading=\"lazy\" fetchpriority=\"low\" \/><\/picture>\n        <\/article>\n                        <article class=\"ImageSlideshowBlock-Item\" data-row-item style=\"--aspect-ratio:9\/16;\">\n        <picture class=\"w-full ImageSlideshowBlock-Image\"><img decoding=\"async\" src=\"https:\/\/images.ohmyhosting.se\/xWhLe5EzLfsvcwjReZ--GK6_c10=\/185x330\/smart\/filters:quality(85)\/https%3A%2F%2Fwearetrickle.com%2Fwp-content%2Fuploads%2F2025%2F01%2Fslide-5.jpg\" srcset=\"https:\/\/images.ohmyhosting.se\/xWhLe5EzLfsvcwjReZ--GK6_c10=\/185x330\/smart\/filters:quality(85)\/https%3A%2F%2Fwearetrickle.com%2Fwp-content%2Fuploads%2F2025%2F01%2Fslide-5.jpg 1x, https:\/\/images.ohmyhosting.se\/aJd8G-wb13T9IUUNif-NCLZnXO0=\/370x660\/smart\/filters:quality(85)\/https%3A%2F%2Fwearetrickle.com%2Fwp-content%2Fuploads%2F2025%2F01%2Fslide-5.jpg 2x\" alt=\"\" class=\"w-full\" height=\"330\" width=\"185\" sizes=\"(max-width: 768px) calc(330px * 0.5625),\n                (max-width: 1024px) calc(330px * 0.5625),\n                calc(330px * 0.5625)\" loading=\"lazy\" fetchpriority=\"low\" \/><\/picture>\n        <\/article>\n                        <article class=\"ImageSlideshowBlock-Item\" data-row-item style=\"--aspect-ratio:1\/1;\">\n        <picture class=\"w-full ImageSlideshowBlock-Image\"><img decoding=\"async\" src=\"https:\/\/images.ohmyhosting.se\/mJcdv_R7iZuuru8YSghhHFAfKIk=\/330x330\/smart\/filters:quality(85)\/https%3A%2F%2Fwearetrickle.com%2Fwp-content%2Fuploads%2F2025%2F01%2Fslide-6.jpg\" srcset=\"https:\/\/images.ohmyhosting.se\/mJcdv_R7iZuuru8YSghhHFAfKIk=\/330x330\/smart\/filters:quality(85)\/https%3A%2F%2Fwearetrickle.com%2Fwp-content%2Fuploads%2F2025%2F01%2Fslide-6.jpg 1x, https:\/\/images.ohmyhosting.se\/DyULHoodOnW1dy94l2mJ-_oZrUQ=\/660x660\/smart\/filters:quality(85)\/https%3A%2F%2Fwearetrickle.com%2Fwp-content%2Fuploads%2F2025%2F01%2Fslide-6.jpg 2x\" alt=\"\" class=\"w-full\" height=\"330\" width=\"330\" sizes=\"(max-width: 768px) calc(330px * 1),\n                (max-width: 1024px) calc(330px * 1),\n                calc(330px * 1)\" loading=\"lazy\" fetchpriority=\"low\" \/><\/picture>\n        <\/article>\n                        <article class=\"ImageSlideshowBlock-Item\" data-row-item style=\"--aspect-ratio:16\/9;\">\n        <picture class=\"w-full ImageSlideshowBlock-Image\"><img decoding=\"async\" src=\"https:\/\/images.ohmyhosting.se\/WsMOJ2VBNlWIbsC70cS_i2304LY=\/586x330\/smart\/filters:quality(85)\/https%3A%2F%2Fwearetrickle.com%2Fwp-content%2Fuploads%2F2025%2F01%2Fslide-7.jpg\" srcset=\"https:\/\/images.ohmyhosting.se\/WsMOJ2VBNlWIbsC70cS_i2304LY=\/586x330\/smart\/filters:quality(85)\/https%3A%2F%2Fwearetrickle.com%2Fwp-content%2Fuploads%2F2025%2F01%2Fslide-7.jpg 1x, https:\/\/images.ohmyhosting.se\/U_ed_gVShVxOgat4siXhzI4Q4ZY=\/1172x660\/smart\/filters:quality(85)\/https%3A%2F%2Fwearetrickle.com%2Fwp-content%2Fuploads%2F2025%2F01%2Fslide-7.jpg 2x\" alt=\"\" class=\"w-full\" height=\"330\" width=\"586\" sizes=\"(max-width: 768px) calc(330px * 1.7777777777778),\n                (max-width: 1024px) calc(330px * 1.7777777777778),\n                calc(330px * 1.7777777777778)\" loading=\"lazy\" fetchpriority=\"low\" \/><\/picture>\n        <\/article>\n        <\/div>\n    <div class=\"ImageSlideshowBlock-Items\" data-row       aria-hidden=\"true\"\n>\n                        <article class=\"ImageSlideshowBlock-Item\" data-row-item style=\"--aspect-ratio:16\/9;\">\n        <picture class=\"w-full ImageSlideshowBlock-Image\"><img decoding=\"async\" src=\"https:\/\/images.ohmyhosting.se\/b3zNWiROVqldymYkBJp3SHTK29M=\/586x330\/smart\/filters:quality(85)\/https%3A%2F%2Fwearetrickle.com%2Fwp-content%2Fuploads%2F2025%2F01%2Fslide-1-1.jpg\" srcset=\"https:\/\/images.ohmyhosting.se\/b3zNWiROVqldymYkBJp3SHTK29M=\/586x330\/smart\/filters:quality(85)\/https%3A%2F%2Fwearetrickle.com%2Fwp-content%2Fuploads%2F2025%2F01%2Fslide-1-1.jpg 1x, https:\/\/images.ohmyhosting.se\/KjFIAb7pg1Jdrkh7005CxM7F8Xs=\/1172x660\/smart\/filters:quality(85)\/https%3A%2F%2Fwearetrickle.com%2Fwp-content%2Fuploads%2F2025%2F01%2Fslide-1-1.jpg 2x\" alt=\"\" class=\"w-full\" height=\"330\" width=\"586\" sizes=\"(max-width: 768px) calc(330px * 1.7777777777778),\n                (max-width: 1024px) calc(330px * 1.7777777777778),\n                calc(330px * 1.7777777777778)\" loading=\"lazy\" fetchpriority=\"low\" \/><\/picture>\n        <\/article>\n                        <article class=\"ImageSlideshowBlock-Item\" data-row-item style=\"--aspect-ratio:1\/1;\">\n        <picture class=\"w-full ImageSlideshowBlock-Image\"><img decoding=\"async\" src=\"https:\/\/images.ohmyhosting.se\/8LFNoQ8ILUkAtd8LrSEzeZ9jmDQ=\/330x330\/smart\/filters:quality(85)\/https%3A%2F%2Fwearetrickle.com%2Fwp-content%2Fuploads%2F2025%2F01%2Fslide-2.jpg\" srcset=\"https:\/\/images.ohmyhosting.se\/8LFNoQ8ILUkAtd8LrSEzeZ9jmDQ=\/330x330\/smart\/filters:quality(85)\/https%3A%2F%2Fwearetrickle.com%2Fwp-content%2Fuploads%2F2025%2F01%2Fslide-2.jpg 1x, https:\/\/images.ohmyhosting.se\/4GdmgUq1IeV2BY-byEytjKXgflA=\/660x660\/smart\/filters:quality(85)\/https%3A%2F%2Fwearetrickle.com%2Fwp-content%2Fuploads%2F2025%2F01%2Fslide-2.jpg 2x\" alt=\"\" class=\"w-full\" height=\"330\" width=\"330\" sizes=\"(max-width: 768px) calc(330px * 1),\n                (max-width: 1024px) calc(330px * 1),\n                calc(330px * 1)\" loading=\"lazy\" fetchpriority=\"low\" \/><\/picture>\n        <\/article>\n                        <article class=\"ImageSlideshowBlock-Item\" data-row-item style=\"--aspect-ratio:9\/16;\">\n        <picture class=\"w-full ImageSlideshowBlock-Image\"><img decoding=\"async\" src=\"https:\/\/images.ohmyhosting.se\/lXCaDY-Aiheo-w1-ow3U82dIP3Y=\/185x330\/smart\/filters:quality(85)\/https%3A%2F%2Fwearetrickle.com%2Fwp-content%2Fuploads%2F2025%2F01%2Fslide-3.jpg\" srcset=\"https:\/\/images.ohmyhosting.se\/lXCaDY-Aiheo-w1-ow3U82dIP3Y=\/185x330\/smart\/filters:quality(85)\/https%3A%2F%2Fwearetrickle.com%2Fwp-content%2Fuploads%2F2025%2F01%2Fslide-3.jpg 1x, https:\/\/images.ohmyhosting.se\/Y0INIc90lw_G6-aKFPu3fsIPBFc=\/370x660\/smart\/filters:quality(85)\/https%3A%2F%2Fwearetrickle.com%2Fwp-content%2Fuploads%2F2025%2F01%2Fslide-3.jpg 2x\" alt=\"\" class=\"w-full\" height=\"330\" width=\"185\" sizes=\"(max-width: 768px) calc(330px * 0.5625),\n                (max-width: 1024px) calc(330px * 0.5625),\n                calc(330px * 0.5625)\" loading=\"lazy\" fetchpriority=\"low\" \/><\/picture>\n        <\/article>\n                        <article class=\"ImageSlideshowBlock-Item\" data-row-item style=\"--aspect-ratio:16\/9;\">\n        <picture class=\"w-full ImageSlideshowBlock-Image\"><img decoding=\"async\" src=\"https:\/\/images.ohmyhosting.se\/jJgRTWCFgpTIoyRyWw55X_4PolI=\/586x330\/smart\/filters:quality(85)\/https%3A%2F%2Fwearetrickle.com%2Fwp-content%2Fuploads%2F2025%2F01%2Fslide-4.jpg\" srcset=\"https:\/\/images.ohmyhosting.se\/jJgRTWCFgpTIoyRyWw55X_4PolI=\/586x330\/smart\/filters:quality(85)\/https%3A%2F%2Fwearetrickle.com%2Fwp-content%2Fuploads%2F2025%2F01%2Fslide-4.jpg 1x, https:\/\/images.ohmyhosting.se\/WRs42YW1cVo3Fc_9wsX4K0peFrc=\/1172x660\/smart\/filters:quality(85)\/https%3A%2F%2Fwearetrickle.com%2Fwp-content%2Fuploads%2F2025%2F01%2Fslide-4.jpg 2x\" alt=\"\" class=\"w-full\" height=\"330\" width=\"586\" sizes=\"(max-width: 768px) calc(330px * 1.7777777777778),\n                (max-width: 1024px) calc(330px * 1.7777777777778),\n                calc(330px * 1.7777777777778)\" loading=\"lazy\" fetchpriority=\"low\" \/><\/picture>\n        <\/article>\n                        <article class=\"ImageSlideshowBlock-Item\" data-row-item style=\"--aspect-ratio:9\/16;\">\n        <picture class=\"w-full ImageSlideshowBlock-Image\"><img decoding=\"async\" src=\"https:\/\/images.ohmyhosting.se\/xWhLe5EzLfsvcwjReZ--GK6_c10=\/185x330\/smart\/filters:quality(85)\/https%3A%2F%2Fwearetrickle.com%2Fwp-content%2Fuploads%2F2025%2F01%2Fslide-5.jpg\" srcset=\"https:\/\/images.ohmyhosting.se\/xWhLe5EzLfsvcwjReZ--GK6_c10=\/185x330\/smart\/filters:quality(85)\/https%3A%2F%2Fwearetrickle.com%2Fwp-content%2Fuploads%2F2025%2F01%2Fslide-5.jpg 1x, https:\/\/images.ohmyhosting.se\/aJd8G-wb13T9IUUNif-NCLZnXO0=\/370x660\/smart\/filters:quality(85)\/https%3A%2F%2Fwearetrickle.com%2Fwp-content%2Fuploads%2F2025%2F01%2Fslide-5.jpg 2x\" alt=\"\" class=\"w-full\" height=\"330\" width=\"185\" sizes=\"(max-width: 768px) calc(330px * 0.5625),\n                (max-width: 1024px) calc(330px * 0.5625),\n                calc(330px * 0.5625)\" loading=\"lazy\" fetchpriority=\"low\" \/><\/picture>\n        <\/article>\n                        <article class=\"ImageSlideshowBlock-Item\" data-row-item style=\"--aspect-ratio:1\/1;\">\n        <picture class=\"w-full ImageSlideshowBlock-Image\"><img decoding=\"async\" src=\"https:\/\/images.ohmyhosting.se\/mJcdv_R7iZuuru8YSghhHFAfKIk=\/330x330\/smart\/filters:quality(85)\/https%3A%2F%2Fwearetrickle.com%2Fwp-content%2Fuploads%2F2025%2F01%2Fslide-6.jpg\" srcset=\"https:\/\/images.ohmyhosting.se\/mJcdv_R7iZuuru8YSghhHFAfKIk=\/330x330\/smart\/filters:quality(85)\/https%3A%2F%2Fwearetrickle.com%2Fwp-content%2Fuploads%2F2025%2F01%2Fslide-6.jpg 1x, https:\/\/images.ohmyhosting.se\/DyULHoodOnW1dy94l2mJ-_oZrUQ=\/660x660\/smart\/filters:quality(85)\/https%3A%2F%2Fwearetrickle.com%2Fwp-content%2Fuploads%2F2025%2F01%2Fslide-6.jpg 2x\" alt=\"\" class=\"w-full\" height=\"330\" width=\"330\" sizes=\"(max-width: 768px) calc(330px * 1),\n                (max-width: 1024px) calc(330px * 1),\n                calc(330px * 1)\" loading=\"lazy\" fetchpriority=\"low\" \/><\/picture>\n        <\/article>\n                        <article class=\"ImageSlideshowBlock-Item\" data-row-item style=\"--aspect-ratio:16\/9;\">\n        <picture class=\"w-full ImageSlideshowBlock-Image\"><img decoding=\"async\" src=\"https:\/\/images.ohmyhosting.se\/WsMOJ2VBNlWIbsC70cS_i2304LY=\/586x330\/smart\/filters:quality(85)\/https%3A%2F%2Fwearetrickle.com%2Fwp-content%2Fuploads%2F2025%2F01%2Fslide-7.jpg\" srcset=\"https:\/\/images.ohmyhosting.se\/WsMOJ2VBNlWIbsC70cS_i2304LY=\/586x330\/smart\/filters:quality(85)\/https%3A%2F%2Fwearetrickle.com%2Fwp-content%2Fuploads%2F2025%2F01%2Fslide-7.jpg 1x, https:\/\/images.ohmyhosting.se\/U_ed_gVShVxOgat4siXhzI4Q4ZY=\/1172x660\/smart\/filters:quality(85)\/https%3A%2F%2Fwearetrickle.com%2Fwp-content%2Fuploads%2F2025%2F01%2Fslide-7.jpg 2x\" alt=\"\" class=\"w-full\" height=\"330\" width=\"586\" sizes=\"(max-width: 768px) calc(330px * 1.7777777777778),\n                (max-width: 1024px) calc(330px * 1.7777777777778),\n                calc(330px * 1.7777777777778)\" loading=\"lazy\" fetchpriority=\"low\" \/><\/picture>\n        <\/article>\n        <\/div>\n    <\/div>\n\n\n<div\n  data-block=\"job-openigs-list-block\"\n  class=\"JobOpeningsListBlock acf-job-openigs-list-block\"\n>\n<div class=\"JobOpeningsListBlock-Content\">\n    <h2 class=\"JobOpeningsListBlock-Heading\">Ledige stillinger<\/h2>\n    <ul class=\"JobOpeningsListBlock-List\">\n                <li class=\"relative\">\n\n            <a href=\"https:\/\/wearetrickle.com\/no\/job-openings\/country-manager-norge\/\" class=\"underline\">\n                <b>Country Manager (Norge)<\/b>\n                <span>Oslo, Troms\u00f8<\/span>\n            <\/a>\n        <\/li>\n                <li class=\"relative\">\n\n            <a href=\"https:\/\/wearetrickle.com\/no\/job-openings\/digital-analytics-specialist\/\" class=\"underline\">\n                <b>Digital Analytics Specialist<\/b>\n                <span>Gothenburg, Helsinki, Oslo, Stockholm, Troms\u00f8<\/span>\n            <\/a>\n        <\/li>\n                <li class=\"relative\">\n\n            <a href=\"https:\/\/wearetrickle.com\/no\/job-openings\/sem-specialist\/\" class=\"underline\">\n                <b>SEM specialist<\/b>\n                <span>Oslo<\/span>\n            <\/a>\n        <\/li>\n                <li class=\"relative\">\n\n            <a href=\"https:\/\/wearetrickle.com\/no\/job-openings\/digital-marketing-specialist-stockholm-gothenburg-and-lulea\/\" class=\"underline\">\n                <b>Digital Marketing Specialist<\/b>\n                <span>Gothenburg, Stockholm, Oslo<\/span>\n            <\/a>\n        <\/li>\n            <\/ul>\n<\/div>\n<\/div>\n","protected":false},"excerpt":{"rendered":"","protected":false},"author":1,"featured_media":0,"parent":0,"menu_order":0,"comment_status":"closed","ping_status":"closed","template":"","meta":{"_acf_changed":false,"footnotes":""},"class_list":["post-1211","page","type-page","status-publish","hentry"],"acf":[],"yoast_head":"<!-- This site is optimized with the Yoast SEO plugin v27.5 - https:\/\/yoast.com\/product\/yoast-seo-wordpress\/ -->\n<title>Careers - Trickle \u2013 The Full Funnel Performance Agency<\/title>\n<meta name=\"robots\" content=\"index, follow, max-snippet:-1, max-image-preview:large, max-video-preview:-1\" \/>\n<link rel=\"canonical\" href=\"https:\/\/wearetrickle.com\/job-openings\/?lang=no\" \/>\n<meta property=\"og:locale\" content=\"nb_NO\" \/>\n<meta property=\"og:type\" content=\"article\" \/>\n<meta property=\"og:title\" content=\"Careers - Trickle \u2013 The Full Funnel Performance Agency\" \/>\n<meta property=\"og:url\" content=\"https:\/\/wearetrickle.com\/job-openings\/?lang=no\" \/>\n<meta property=\"og:site_name\" content=\"Trickle \u2013 The Full Funnel Performance Agency\" \/>\n<meta property=\"article:publisher\" content=\"https:\/\/www.facebook.com\/\" \/>\n<meta property=\"article:modified_time\" content=\"2025-09-26T10:28:18+00:00\" \/>\n<meta property=\"og:image\" content=\"https:\/\/wearetrickle.com\/wp-content\/uploads\/2025\/03\/social-preview.png\" \/>\n\t<meta property=\"og:image:width\" content=\"1200\" \/>\n\t<meta property=\"og:image:height\" content=\"640\" \/>\n\t<meta property=\"og:image:type\" content=\"image\/png\" \/>\n<meta name=\"twitter:card\" content=\"summary_large_image\" \/>\n<script type=\"application\/ld+json\" class=\"yoast-schema-graph\">{\"@context\":\"https:\\\/\\\/schema.org\",\"@graph\":[{\"@type\":\"WebPage\",\"@id\":\"https:\\\/\\\/wearetrickle.com\\\/job-openings\\\/?lang=no\",\"url\":\"https:\\\/\\\/wearetrickle.com\\\/job-openings\\\/?lang=no\",\"name\":\"Careers - Trickle \u2013 The Full Funnel Performance Agency\",\"isPartOf\":{\"@id\":\"https:\\\/\\\/wearetrickle.com\\\/#website\"},\"datePublished\":\"2025-01-24T08:34:20+00:00\",\"dateModified\":\"2025-09-26T10:28:18+00:00\",\"breadcrumb\":{\"@id\":\"https:\\\/\\\/wearetrickle.com\\\/job-openings\\\/?lang=no#breadcrumb\"},\"inLanguage\":\"nb-NO\",\"potentialAction\":[{\"@type\":\"ReadAction\",\"target\":[\"https:\\\/\\\/wearetrickle.com\\\/job-openings\\\/?lang=no\"]}]},{\"@type\":\"BreadcrumbList\",\"@id\":\"https:\\\/\\\/wearetrickle.com\\\/job-openings\\\/?lang=no#breadcrumb\",\"itemListElement\":[{\"@type\":\"ListItem\",\"position\":1,\"name\":\"Home\",\"item\":\"https:\\\/\\\/wearetrickle.com\\\/no\\\/\"},{\"@type\":\"ListItem\",\"position\":2,\"name\":\"Careers\"}]},{\"@type\":\"WebSite\",\"@id\":\"https:\\\/\\\/wearetrickle.com\\\/#website\",\"url\":\"https:\\\/\\\/wearetrickle.com\\\/\",\"name\":\"Trickle \u2013 The Full Funnel Performance Agency\",\"description\":\"For companies that want more from their marketing budget, Trickle turns spend into measurable growth across distribution, analytics, creative and sales.\",\"publisher\":{\"@id\":\"https:\\\/\\\/wearetrickle.com\\\/#organization\"},\"potentialAction\":[{\"@type\":\"SearchAction\",\"target\":{\"@type\":\"EntryPoint\",\"urlTemplate\":\"https:\\\/\\\/wearetrickle.com\\\/?s={search_term_string}\"},\"query-input\":{\"@type\":\"PropertyValueSpecification\",\"valueRequired\":true,\"valueName\":\"search_term_string\"}}],\"inLanguage\":\"nb-NO\"},{\"@type\":\"Organization\",\"@id\":\"https:\\\/\\\/wearetrickle.com\\\/#organization\",\"name\":\"Trickle\",\"url\":\"https:\\\/\\\/wearetrickle.com\\\/\",\"logo\":{\"@type\":\"ImageObject\",\"inLanguage\":\"nb-NO\",\"@id\":\"https:\\\/\\\/wearetrickle.com\\\/#\\\/schema\\\/logo\\\/image\\\/\",\"url\":\"https:\\\/\\\/wearetrickle.com\\\/wp-content\\\/uploads\\\/2025\\\/03\\\/Apple-touch.png\",\"contentUrl\":\"https:\\\/\\\/wearetrickle.com\\\/wp-content\\\/uploads\\\/2025\\\/03\\\/Apple-touch.png\",\"width\":360,\"height\":360,\"caption\":\"Trickle\"},\"image\":{\"@id\":\"https:\\\/\\\/wearetrickle.com\\\/#\\\/schema\\\/logo\\\/image\\\/\"},\"sameAs\":[\"https:\\\/\\\/www.facebook.com\\\/\",\"https:\\\/\\\/www.instagram.com\\\/\",\"https:\\\/\\\/www.linkedin.com\\\/\"]}]}<\/script>\n<!-- \/ Yoast SEO plugin. -->","yoast_head_json":{"title":"Careers - Trickle \u2013 The Full Funnel Performance Agency","robots":{"index":"index","follow":"follow","max-snippet":"max-snippet:-1","max-image-preview":"max-image-preview:large","max-video-preview":"max-video-preview:-1"},"canonical":"https:\/\/wearetrickle.com\/job-openings\/?lang=no","og_locale":"nb_NO","og_type":"article","og_title":"Careers - Trickle \u2013 The Full Funnel Performance Agency","og_url":"https:\/\/wearetrickle.com\/job-openings\/?lang=no","og_site_name":"Trickle \u2013 The Full Funnel Performance Agency","article_publisher":"https:\/\/www.facebook.com\/","article_modified_time":"2025-09-26T10:28:18+00:00","og_image":[{"width":1200,"height":640,"url":"https:\/\/wearetrickle.com\/wp-content\/uploads\/2025\/03\/social-preview.png","type":"image\/png"}],"twitter_card":"summary_large_image","schema":{"@context":"https:\/\/schema.org","@graph":[{"@type":"WebPage","@id":"https:\/\/wearetrickle.com\/job-openings\/?lang=no","url":"https:\/\/wearetrickle.com\/job-openings\/?lang=no","name":"Careers - Trickle \u2013 The Full Funnel Performance Agency","isPartOf":{"@id":"https:\/\/wearetrickle.com\/#website"},"datePublished":"2025-01-24T08:34:20+00:00","dateModified":"2025-09-26T10:28:18+00:00","breadcrumb":{"@id":"https:\/\/wearetrickle.com\/job-openings\/?lang=no#breadcrumb"},"inLanguage":"nb-NO","potentialAction":[{"@type":"ReadAction","target":["https:\/\/wearetrickle.com\/job-openings\/?lang=no"]}]},{"@type":"BreadcrumbList","@id":"https:\/\/wearetrickle.com\/job-openings\/?lang=no#breadcrumb","itemListElement":[{"@type":"ListItem","position":1,"name":"Home","item":"https:\/\/wearetrickle.com\/no\/"},{"@type":"ListItem","position":2,"name":"Careers"}]},{"@type":"WebSite","@id":"https:\/\/wearetrickle.com\/#website","url":"https:\/\/wearetrickle.com\/","name":"Trickle \u2013 The Full Funnel Performance Agency","description":"For companies that want more from their marketing budget, Trickle turns spend into measurable growth across distribution, analytics, creative and sales.","publisher":{"@id":"https:\/\/wearetrickle.com\/#organization"},"potentialAction":[{"@type":"SearchAction","target":{"@type":"EntryPoint","urlTemplate":"https:\/\/wearetrickle.com\/?s={search_term_string}"},"query-input":{"@type":"PropertyValueSpecification","valueRequired":true,"valueName":"search_term_string"}}],"inLanguage":"nb-NO"},{"@type":"Organization","@id":"https:\/\/wearetrickle.com\/#organization","name":"Trickle","url":"https:\/\/wearetrickle.com\/","logo":{"@type":"ImageObject","inLanguage":"nb-NO","@id":"https:\/\/wearetrickle.com\/#\/schema\/logo\/image\/","url":"https:\/\/wearetrickle.com\/wp-content\/uploads\/2025\/03\/Apple-touch.png","contentUrl":"https:\/\/wearetrickle.com\/wp-content\/uploads\/2025\/03\/Apple-touch.png","width":360,"height":360,"caption":"Trickle"},"image":{"@id":"https:\/\/wearetrickle.com\/#\/schema\/logo\/image\/"},"sameAs":["https:\/\/www.facebook.com\/","https:\/\/www.instagram.com\/","https:\/\/www.linkedin.com\/"]}]}},"_links":{"self":[{"href":"https:\/\/wearetrickle.com\/no\/wp-json\/wp\/v2\/pages\/1211","targetHints":{"allow":["GET"]}}],"collection":[{"href":"https:\/\/wearetrickle.com\/no\/wp-json\/wp\/v2\/pages"}],"about":[{"href":"https:\/\/wearetrickle.com\/no\/wp-json\/wp\/v2\/types\/page"}],"author":[{"embeddable":true,"href":"https:\/\/wearetrickle.com\/no\/wp-json\/wp\/v2\/users\/1"}],"replies":[{"embeddable":true,"href":"https:\/\/wearetrickle.com\/no\/wp-json\/wp\/v2\/comments?post=1211"}],"version-history":[{"count":1,"href":"https:\/\/wearetrickle.com\/no\/wp-json\/wp\/v2\/pages\/1211\/revisions"}],"predecessor-version":[{"id":1314,"href":"https:\/\/wearetrickle.com\/no\/wp-json\/wp\/v2\/pages\/1211\/revisions\/1314"}],"wp:attachment":[{"href":"https:\/\/wearetrickle.com\/no\/wp-json\/wp\/v2\/media?parent=1211"}],"curies":[{"name":"wp","href":"https:\/\/api.w.org\/{rel}","templated":true}]}}